{"id":6199,"date":"2026-02-19T04:29:10","date_gmt":"2026-02-19T12:29:10","guid":{"rendered":"https:\/\/www.archlegal.com\/condiciones-de-uso\/"},"modified":"2026-02-19T04:30:07","modified_gmt":"2026-02-19T12:30:07","slug":"condiciones-de-uso","status":"publish","type":"page","link":"https:\/\/www.archlegal.com\/es\/condiciones-de-uso\/","title":{"rendered":"Condiciones de uso"},"content":{"rendered":"\n<section class=\"wp-block-group single-column-text block pb-theme-spacing is-layout-flow wp-block-group-is-layout-flow\">\n<div class=\"wp-block-group container is-layout-flow wp-block-group-is-layout-flow\">\n<p>Este sitio web est\u00e1 destinado a adultos y no est\u00e1 dirigido a menores de 13 a\u00f1os. Los usuarios menores de 18 a\u00f1os solo deben utilizar este sitio web con la participaci\u00f3n de un padre o tutor legal. <\/p>\n\n\n\n<p>Los materiales del sitio web de <strong>Arch Legal<\/strong> son de car\u00e1cter general y no pretenden constituir asesoramiento jur\u00eddico o profesional, <strong>ni este sitio web sustituye el asesoramiento legal<\/strong>. Los materiales del sitio web de <strong>Arch Legal<\/strong> tienen <strong>fines meramente informativos<\/strong> y <strong>no constituyen asesoramiento jur\u00eddico<\/strong>. Los asuntos legales son complejos y dependen de los hechos espec\u00edficos. Es posible que los materiales no sean lo suficientemente exhaustivos para abordar sus preocupaciones legales espec\u00edficas o individuales. Aunque los materiales se actualizan cada a\u00f1o, la legislaci\u00f3n cambia con frecuencia y parte de la informaci\u00f3n puede estar desactualizada. No debe basarse en ninguno de los materiales del sitio y debe consultar con un abogado antes de tomar cualquier medida. <strong>El uso de este sitio web no establece una relaci\u00f3n abogado-cliente<\/strong> con <strong>Arch Legal<\/strong> ni con ninguno de sus abogados. Ponerse en contacto con nosotros a trav\u00e9s de este sitio no establece una relaci\u00f3n abogado-cliente hasta que exista un acuerdo formal.      <\/p>\n\n\n\n<p>Si tiene preocupaciones legales, le recomendamos encarecidamente que consulte con un abogado para obtener orientaci\u00f3n espec\u00edfica sobre su situaci\u00f3n.<\/p>\n\n\n\n<p>Para cuestiones relacionadas con la privacidad, consulte nuestra <a href=\"https:\/\/www.archlegal.com\/es\/politica-de-privacidad\/\" data-type=\"page\" data-id=\"24233\">pol\u00edtica de privacidad<\/a>.<\/p>\n\n\n\n<p>Para adaptaciones y cuestiones relacionadas con la accesibilidad, consulte nuestra <a href=\"https:\/\/www.archlegal.com\/es\/declaracion-de-accesibilidad\/\" data-type=\"page\" data-id=\"18478\">declaraci\u00f3n de accesibilidad<\/a>.<\/p>\n<\/div>\n<\/section>\n","protected":false},"excerpt":{"rendered":"<p>Este sitio web est\u00e1 destinado a adultos y no est\u00e1 dirigido a menores de 13 a\u00f1os. Los usuarios menores de 18 a\u00f1os solo deben utilizar este sitio web con la participaci\u00f3n de un padre o tutor legal. Los materiales del sitio web de Arch Legal son de car\u00e1cter general y no pretenden constituir asesoramiento jur\u00eddico [&hellip;]<\/p>\n","protected":false},"author":4,"featured_media":0,"parent":0,"menu_order":0,"comment_status":"closed","ping_status":"closed","template":"","meta":{"footnotes":""},"class_list":["post-6199","page","type-page","status-publish","hentry"],"_links":{"self":[{"href":"https:\/\/www.archlegal.com\/es\/wp-json\/wp\/v2\/pages\/6199","targetHints":{"allow":["GET"]}}],"collection":[{"href":"https:\/\/www.archlegal.com\/es\/wp-json\/wp\/v2\/pages"}],"about":[{"href":"https:\/\/www.archlegal.com\/es\/wp-json\/wp\/v2\/types\/page"}],"author":[{"embeddable":true,"href":"https:\/\/www.archlegal.com\/es\/wp-json\/wp\/v2\/users\/4"}],"replies":[{"embeddable":true,"href":"https:\/\/www.archlegal.com\/es\/wp-json\/wp\/v2\/comments?post=6199"}],"version-history":[{"count":1,"href":"https:\/\/www.archlegal.com\/es\/wp-json\/wp\/v2\/pages\/6199\/revisions"}],"predecessor-version":[{"id":6200,"href":"https:\/\/www.archlegal.com\/es\/wp-json\/wp\/v2\/pages\/6199\/revisions\/6200"}],"wp:attachment":[{"href":"https:\/\/www.archlegal.com\/es\/wp-json\/wp\/v2\/media?parent=6199"}],"curies":[{"name":"wp","href":"https:\/\/api.w.org\/{rel}","templated":true}]}}