{"id":5171,"date":"2025-12-10T16:15:37","date_gmt":"2025-12-11T00:15:37","guid":{"rendered":"https:\/\/www.archlegal.com\/aviso-legal\/"},"modified":"2025-12-11T13:46:47","modified_gmt":"2025-12-11T21:46:47","slug":"disclaimer","status":"publish","type":"page","link":"https:\/\/www.archlegal.com\/es\/disclaimer\/","title":{"rendered":"Aviso legal"},"content":{"rendered":"\n<p>La informaci\u00f3n que obtiene en este sitio no es, ni pretende ser, asesoramiento legal. Debe consultar a un abogado para obtener asesoramiento sobre su situaci\u00f3n particular. Le invitamos a que se ponga en contacto con nosotros y agradecemos sus llamadas, cartas y correos electr\u00f3nicos. El hecho de ponerse en contacto con nosotros no crea una relaci\u00f3n abogado-cliente. No nos env\u00ede ninguna informaci\u00f3n confidencial hasta que se haya establecido una relaci\u00f3n abogado-cliente.    <\/p>\n","protected":false},"excerpt":{"rendered":"<p>La informaci\u00f3n que obtiene en este sitio no es, ni pretende ser, asesoramiento legal. Debe consultar a un abogado para obtener asesoramiento sobre su situaci\u00f3n particular. Le invitamos a que se ponga en contacto con nosotros y agradecemos sus llamadas, cartas y correos electr\u00f3nicos. El hecho de ponerse en contacto con nosotros no crea una [&hellip;]<\/p>\n","protected":false},"author":4,"featured_media":0,"parent":0,"menu_order":0,"comment_status":"closed","ping_status":"closed","template":"","meta":{"footnotes":""},"class_list":["post-5171","page","type-page","status-publish","hentry"],"_links":{"self":[{"href":"https:\/\/www.archlegal.com\/es\/wp-json\/wp\/v2\/pages\/5171","targetHints":{"allow":["GET"]}}],"collection":[{"href":"https:\/\/www.archlegal.com\/es\/wp-json\/wp\/v2\/pages"}],"about":[{"href":"https:\/\/www.archlegal.com\/es\/wp-json\/wp\/v2\/types\/page"}],"author":[{"embeddable":true,"href":"https:\/\/www.archlegal.com\/es\/wp-json\/wp\/v2\/users\/4"}],"replies":[{"embeddable":true,"href":"https:\/\/www.archlegal.com\/es\/wp-json\/wp\/v2\/comments?post=5171"}],"version-history":[{"count":3,"href":"https:\/\/www.archlegal.com\/es\/wp-json\/wp\/v2\/pages\/5171\/revisions"}],"predecessor-version":[{"id":5211,"href":"https:\/\/www.archlegal.com\/es\/wp-json\/wp\/v2\/pages\/5171\/revisions\/5211"}],"wp:attachment":[{"href":"https:\/\/www.archlegal.com\/es\/wp-json\/wp\/v2\/media?parent=5171"}],"curies":[{"name":"wp","href":"https:\/\/api.w.org\/{rel}","templated":true}]}}