{"id":4117,"date":"2025-11-09T13:49:03","date_gmt":"2025-11-09T13:49:03","guid":{"rendered":"https:\/\/www.archlegal.com\/pagina-de-ejemplo\/"},"modified":"2025-12-09T17:39:31","modified_gmt":"2025-12-09T17:39:31","slug":"pagina-de-ejemplo","status":"publish","type":"page","link":"https:\/\/www.archlegal.com\/es\/pagina-de-ejemplo\/","title":{"rendered":"P\u00e1gina de ejemplo"},"content":{"rendered":"\n<p>Esta es una p\u00e1gina de ejemplo. Es diferente de una entrada de blog porque permanecer\u00e1 en un solo lugar y aparecer\u00e1 en la navegaci\u00f3n de su sitio (en la mayor\u00eda de los temas). La mayor\u00eda de la gente empieza con una p\u00e1gina \u00abAcerca de\u00bb que les presenta a los visitantes potenciales del sitio. Podr\u00eda decir algo como esto:   <\/p>\n\n<blockquote class=\"wp-block-quote is-layout-flow wp-block-quote-is-layout-flow\"><p>\u00a1Hola! Soy mensajero en bicicleta de d\u00eda, aspirante a actor de noche, y este es mi sitio web. Vivo en Los \u00c1ngeles, tengo un perro genial llamado Jack y me gustan las pi\u00f1as coladas. (Y que me pille la lluvia).   <\/p><\/blockquote>\n\n<p>&#8230;o algo como esto:<\/p>\n\n<blockquote class=\"wp-block-quote is-layout-flow wp-block-quote-is-layout-flow\"><p>La empresa XYZ Doohickey se fund\u00f3 en 1971 y, desde entonces, ha proporcionado doohickeys de calidad al p\u00fablico. Situada en Gotham City, XYZ emplea a m\u00e1s de 2000 personas y hace todo tipo de cosas incre\u00edbles para la comunidad de Gotham. <\/p><\/blockquote>\n\n<p>Como nuevo usuario de WordPress, deber\u00eda ir a <a href=\"https:\/\/www.archlegal.com\/wp-admin\/\">su escritorio<\/a> para eliminar esta p\u00e1gina y crear nuevas p\u00e1ginas para su contenido. \u00a1Que se divierta!<\/p>\n","protected":false},"excerpt":{"rendered":"<p>Esta es una p\u00e1gina de ejemplo. Es diferente de una entrada de blog porque permanecer\u00e1 en un solo lugar y aparecer\u00e1 en la navegaci\u00f3n de su sitio (en la mayor\u00eda de los temas). La mayor\u00eda de la gente empieza con una p\u00e1gina \u00abAcerca de\u00bb que les presenta a los visitantes potenciales del sitio. Podr\u00eda decir [&hellip;]<\/p>\n","protected":false},"author":2,"featured_media":0,"parent":0,"menu_order":0,"comment_status":"closed","ping_status":"open","template":"","meta":{"footnotes":""},"class_list":["post-4117","page","type-page","status-publish","hentry"],"_links":{"self":[{"href":"https:\/\/www.archlegal.com\/es\/wp-json\/wp\/v2\/pages\/4117","targetHints":{"allow":["GET"]}}],"collection":[{"href":"https:\/\/www.archlegal.com\/es\/wp-json\/wp\/v2\/pages"}],"about":[{"href":"https:\/\/www.archlegal.com\/es\/wp-json\/wp\/v2\/types\/page"}],"author":[{"embeddable":true,"href":"https:\/\/www.archlegal.com\/es\/wp-json\/wp\/v2\/users\/2"}],"replies":[{"embeddable":true,"href":"https:\/\/www.archlegal.com\/es\/wp-json\/wp\/v2\/comments?post=4117"}],"version-history":[{"count":2,"href":"https:\/\/www.archlegal.com\/es\/wp-json\/wp\/v2\/pages\/4117\/revisions"}],"predecessor-version":[{"id":4917,"href":"https:\/\/www.archlegal.com\/es\/wp-json\/wp\/v2\/pages\/4117\/revisions\/4917"}],"wp:attachment":[{"href":"https:\/\/www.archlegal.com\/es\/wp-json\/wp\/v2\/media?parent=4117"}],"curies":[{"name":"wp","href":"https:\/\/api.w.org\/{rel}","templated":true}]}}