{"id":4115,"date":"2025-11-09T13:49:03","date_gmt":"2025-11-09T21:49:03","guid":{"rendered":"https:\/\/www.archlegal.com\/politica-de-privacidad\/"},"modified":"2026-03-12T05:09:07","modified_gmt":"2026-03-12T12:09:07","slug":"politica-de-privacidad","status":"publish","type":"page","link":"https:\/\/www.archlegal.com\/es\/politica-de-privacidad\/","title":{"rendered":"Pol\u00edtica de privacidad"},"content":{"rendered":"\n<section class=\"wp-block-group single-column-text block is-layout-flow wp-block-group-is-layout-flow\">\n<div class=\"wp-block-group container is-layout-flow wp-block-group-is-layout-flow\">\n<div class=\"wp-block-group single-column-text__row is-layout-flow wp-block-group-is-layout-flow\">\n<div class=\"wp-block-group column is-layout-flow wp-block-group-is-layout-flow\">\n<p>Cualquier informaci\u00f3n que nos proporcione en este sitio permanecer\u00e1 con nosotros. Tomaremos medidas razonables para garantizar que su direcci\u00f3n de correo electr\u00f3nico no reciba spam. A veces, colocamos cookies en su ordenador para recopilar datos con el fin de mejorar la calidad de este sitio. Estas cookies no almacenan informaci\u00f3n personal sobre usted y no se utilizar\u00e1n de forma malintencionada.   <\/p>\n\n\n\n<p>Todos los formularios de este sitio est\u00e1n protegidos por reCAPTCHA y, por lo tanto, est\u00e1n sujetos a la <a href=\"https:\/\/policies.google.com\/privacy\">Pol\u00edtica de privacidad<\/a> y a los <a href=\"https:\/\/policies.google.com\/terms\">T\u00e9rminos de servicio<\/a> de Google.<\/p>\n\n\n\n<p>Si deja un comentario o nos env\u00eda un mensaje en nuestro sitio, puede optar por guardar su nombre, direcci\u00f3n de correo electr\u00f3nico y sitio web en cookies. Esto es para su comodidad, para que no tenga que volver a rellenar sus datos cuando deje otro comentario. Estas cookies durar\u00e1n un a\u00f1o.  <\/p>\n\n\n\n<p>Si visita nuestra p\u00e1gina de inicio de sesi\u00f3n, estableceremos una cookie temporal para determinar si su navegador acepta cookies. Esta cookie no contiene datos personales y se descarta al cerrar el navegador. <\/p>\n\n\n\n<p>Cuando inicie sesi\u00f3n, tambi\u00e9n configuraremos varias cookies para guardar su informaci\u00f3n de inicio de sesi\u00f3n y sus preferencias de visualizaci\u00f3n de pantalla. Las cookies de inicio de sesi\u00f3n duran dos d\u00edas y las cookies de opciones de pantalla duran un a\u00f1o. Si selecciona \u00abRecordarme\u00bb, su inicio de sesi\u00f3n persistir\u00e1 durante dos semanas. Si cierra la sesi\u00f3n de su cuenta, las cookies de inicio de sesi\u00f3n se eliminar\u00e1n.   <\/p>\n\n\n\n<p>Los art\u00edculos y las p\u00e1ginas de este sitio pueden incluir contenido incrustado (por ejemplo, v\u00eddeos, im\u00e1genes, art\u00edculos, etc.). El contenido incrustado de otros sitios web se comporta exactamente de la misma manera que si el visitante hubiera visitado el otro sitio web. <\/p>\n\n\n\n<p>Estos sitios web pueden recopilar datos sobre usted, utilizar cookies, incrustar un seguimiento adicional de terceros y supervisar su interacci\u00f3n con ese contenido incrustado, incluido el seguimiento de su interacci\u00f3n con el contenido incrustado si tiene una cuenta y ha iniciado sesi\u00f3n en ese sitio web.<\/p>\n\n\n\n<h2 class=\"wp-block-heading\">Con qui\u00e9n compartimos sus datos<\/h2>\n\n\n\n<p>Si solicita un restablecimiento de contrase\u00f1a, su direcci\u00f3n IP se incluir\u00e1 en el correo electr\u00f3nico de restablecimiento.<\/p>\n\n\n\n<p>Si deja un comentario, el comentario y sus metadatos se conservan indefinidamente. Esto es para que podamos reconocer y aprobar cualquier comentario de seguimiento autom\u00e1ticamente en lugar de mantenerlos en una cola de moderaci\u00f3n. <\/p>\n\n\n\n<p>Para los usuarios que se registran en nuestro sitio web (si los hay), tambi\u00e9n almacenamos la informaci\u00f3n personal que proporcionan en su perfil de usuario. Todos los usuarios pueden ver, editar o eliminar su informaci\u00f3n personal en cualquier momento (excepto que no pueden cambiar su nombre de usuario). Los administradores del sitio web tambi\u00e9n pueden ver y editar esa informaci\u00f3n.  <\/p>\n\n\n\n<p>Recopilamos informaci\u00f3n sobre los visitantes que comentan en los sitios que utilizan nuestro servicio anti-spam. La informaci\u00f3n que recopilamos normalmente incluye la direcci\u00f3n IP del comentarista, el agente de usuario, el remitente y la URL del sitio (junto con otra informaci\u00f3n proporcionada directamente por el comentarista, como su nombre, nombre de usuario, direcci\u00f3n de correo electr\u00f3nico y el comentario en s\u00ed). <\/p>\n\n\n\n<h2 class=\"wp-block-heading\">Cu\u00e1nto tiempo conservamos sus datos<\/h2>\n\n\n\n<p>Si deja un comentario, el comentario y sus metadatos se conservan indefinidamente. Esto es para que podamos reconocer y aprobar cualquier comentario de seguimiento autom\u00e1ticamente en lugar de mantenerlos en una cola de moderaci\u00f3n. <\/p>\n\n\n\n<p>Para los usuarios que se registran en nuestro sitio web (si los hay), tambi\u00e9n almacenamos la informaci\u00f3n personal que proporcionan en su perfil de usuario. Todos los usuarios pueden ver, editar o eliminar su informaci\u00f3n personal en cualquier momento (excepto que no pueden cambiar su nombre de usuario). Los administradores del sitio web tambi\u00e9n pueden ver y editar esa informaci\u00f3n.  <\/p>\n\n\n\n<h2 class=\"wp-block-heading\">Qu\u00e9 derechos tiene sobre sus datos<\/h2>\n\n\n\n<p>Si tiene una cuenta en este sitio o ha dejado comentarios, puede solicitar recibir un archivo exportado de los datos personales que tenemos sobre usted, incluidos los datos que nos haya proporcionado. Tambi\u00e9n puede solicitar que borremos cualquier dato personal que tengamos sobre usted. Esto no incluye ning\u00fan dato que estemos obligados a conservar con fines administrativos, legales o de seguridad.  <\/p>\n\n\n\n<h2 class=\"wp-block-heading\">D\u00f3nde se env\u00edan sus datos<\/h2>\n\n\n\n<p>Los comentarios de los visitantes pueden ser revisados a trav\u00e9s de un servicio automatizado de detecci\u00f3n de spam.<\/p>\n\n\n\n<p>Si tiene alguna duda adicional con respecto a la privacidad, no dude en <a href=\"https:\/\/www.archlegal.com\/es\/contacto\/\" data-type=\"link\" data-id=\"https:\/\/www.archlegal.com\/es\/contacto\/\">ponerse en contacto con nosotros<\/a>.<\/p>\n<\/div>\n<\/div>\n<\/div>\n<\/section>\n\n\n\n<section id=\"contact-us\" class=\"wp-block-group contact-us has-light-background-background-color has-background is-layout-flow wp-block-group-is-layout-flow\">\n<div class=\"wp-block-group container is-layout-constrained wp-block-group-is-layout-constrained\">\n<div class=\"wp-block-group contact-us__row is-layout-flow wp-block-group-is-layout-flow\">\n<div class=\"wp-block-group contact-us__column is-layout-flow wp-block-group-is-layout-flow\">\n<h2 class=\"wp-block-heading\">\u00bfHa sufrido acoso o discriminaci\u00f3n en el lugar de trabajo?<\/h2>\n\n\n\n<h4 class=\"wp-block-heading\">Encuentre al abogado adecuado para su caso<\/h4>\n\n\n\n<p>P\u00f3ngase en contacto con ARCH Legal hoy mismo para hablar con un abogado experto en derecho laboral dedicado a proteger sus derechos en el lugar de trabajo. Tanto si se enfrenta a discriminaci\u00f3n, represalias o infracciones salariales, nuestro equipo est\u00e1 preparado para ayudarle. Llame, env\u00ede un correo electr\u00f3nico o programe una consulta gratuita para hablar sobre su caso y explorar sus opciones legales.<\/p>\n\n\n\n<div class=\"wp-block-group contact-us__contact-details is-layout-flow wp-block-group-is-layout-flow\">\n<figure class=\"wp-block-image size-full\"><img decoding=\"async\" src=\"https:\/\/www.archlegal.com\/wp-content\/uploads\/2025\/11\/icon-phone-4.svg\" alt=\"\" class=\"wp-image-2143\"\/><\/figure>\n\n\n\n<p><a href=\"tel:+18663311338\">(866) 331-1338<\/a><\/p>\n<\/div>\n\n\n\n<div class=\"wp-block-group contact-us__contact-details is-layout-flow wp-block-group-is-layout-flow\">\n<figure class=\"wp-block-image size-full\"><img decoding=\"async\" src=\"https:\/\/www.archlegal.com\/wp-content\/uploads\/2025\/11\/location-1.svg\" alt=\"\" class=\"wp-image-2142\"\/><\/figure>\n\n\n\n<p><a href=\"https:\/\/maps.app.goo.gl\/xXjb1axDADuXxYLC8\" data-type=\"link\" data-id=\"https:\/\/maps.app.goo.gl\/xXjb1axDADuXxYLC8\">3555 Fifth Avenue Suite 200,<br\/>\u2028San Diego, CA 92103<\/a><\/p>\n<\/div>\n<\/div>\n\n\n\n<div class=\"wp-block-group contact-us__column is-layout-constrained wp-block-group-is-layout-constrained\">\n<div class=\"wp-block-contact-form-7-contact-form-selector\">\n<div class=\"wpcf7 no-js\" id=\"wpcf7-f4098-o1\" lang=\"es-ES\" dir=\"ltr\" data-wpcf7-id=\"4098\">\n<div class=\"screen-reader-response\"><p role=\"status\" aria-live=\"polite\" aria-atomic=\"true\"><\/p> <ul><\/ul><\/div>\n<form action=\"\/es\/wp-json\/wp\/v2\/pages\/4115#wpcf7-f4098-o1\" method=\"post\" class=\"wpcf7-form init\" aria-label=\"Formulario de contacto\" novalidate=\"novalidate\" data-status=\"init\">\n<fieldset class=\"hidden-fields-container\"><input type=\"hidden\" name=\"_wpcf7\" value=\"4098\" \/><input type=\"hidden\" name=\"_wpcf7_version\" value=\"6.1.5\" \/><input type=\"hidden\" name=\"_wpcf7_locale\" value=\"es_ES\" \/><input type=\"hidden\" name=\"_wpcf7_unit_tag\" value=\"wpcf7-f4098-o1\" \/><input type=\"hidden\" name=\"_wpcf7_container_post\" value=\"0\" \/><input type=\"hidden\" name=\"_wpcf7_posted_data_hash\" value=\"\" \/>\n<\/fieldset>\n<div class=\"form-row\">\n   <label> Nombre <span class=\"wpcf7-form-control-wrap\" data-name=\"your-first-name\"><input size=\"40\" maxlength=\"400\" class=\"wpcf7-form-control wpcf7-text wpcf7-validates-as-required\" aria-required=\"true\" aria-invalid=\"false\" placeholder=\"Introduzca su nombre\" value=\"\" type=\"text\" name=\"your-first-name\" \/><\/span><\/label><label> Apellido <span class=\"wpcf7-form-control-wrap\" data-name=\"your-last-name\"><input size=\"40\" maxlength=\"400\" class=\"wpcf7-form-control wpcf7-text wpcf7-validates-as-required\" aria-required=\"true\" aria-invalid=\"false\" placeholder=\"Introduzca su apellido\" value=\"\" type=\"text\" name=\"your-last-name\" \/><\/span><\/label>\n<\/div>\n<div class=\"form-row\">\n   <label> N\u00famero de tel\u00e9fono <span class=\"wpcf7-form-control-wrap\" data-name=\"your-tel\"><input size=\"40\" maxlength=\"400\" class=\"wpcf7-form-control wpcf7-tel wpcf7-validates-as-required wpcf7-text wpcf7-validates-as-tel\" aria-required=\"true\" aria-invalid=\"false\" placeholder=\"Introduzca su n\u00famero de tel\u00e9fono\" value=\"\" type=\"tel\" name=\"your-tel\" \/><\/span> <\/label><label> Correo electr\u00f3nico <span class=\"wpcf7-form-control-wrap\" data-name=\"your-email\"><input size=\"40\" maxlength=\"400\" class=\"wpcf7-form-control wpcf7-email wpcf7-validates-as-required wpcf7-text wpcf7-validates-as-email\" aria-required=\"true\" aria-invalid=\"false\" placeholder=\"Introduzca su direcci\u00f3n de correo electr\u00f3nico\" value=\"\" type=\"email\" name=\"your-email\" \/><\/span> <\/label> \n<\/div>\n\n<div class=\"form-row\">\n  <label> Ciudad <span class=\"wpcf7-form-control-wrap\" data-name=\"your-city\"><input size=\"40\" maxlength=\"400\" class=\"wpcf7-form-control wpcf7-text\" aria-invalid=\"false\" placeholder=\"Introduzca su ciudad\" value=\"\" type=\"text\" name=\"your-city\" \/><\/span> <\/label>\n  <label> Estado <span class=\"wpcf7-form-control-wrap\" data-name=\"your-state\"><input size=\"40\" maxlength=\"400\" class=\"wpcf7-form-control wpcf7-text\" aria-invalid=\"false\" placeholder=\"Introduzca su estado\" value=\"\" type=\"text\" name=\"your-state\" \/><\/span> <\/label>\n<\/div>\n\n<div class=\"form-row\">\n <label>  Necesito ayuda con: <span class=\"wpcf7-form-control-wrap\" data-name=\"your-message\"><textarea cols=\"40\" rows=\"10\" maxlength=\"2000\" class=\"wpcf7-form-control wpcf7-textarea\" aria-invalid=\"false\" placeholder=\"\u00bfC\u00f3mo podemos ayudarle?\" name=\"your-message\"><\/textarea><\/span> <\/label>\n<\/div>\n\n<div class=\"form-row\">\n    <span class=\"wpcf7-form-control-wrap\" data-name=\"consent\"><span class=\"wpcf7-form-control wpcf7-checkbox\"><span class=\"wpcf7-list-item first last\"><label><input type=\"checkbox\" name=\"consent[]\" value=\"Acepto que contactar conmigo a trav\u00e9s de este formulario no constituye representaci\u00f3n legal ni crea una relaci\u00f3n abogado-cliente.\" \/><span class=\"wpcf7-list-item-label\">Acepto que contactar conmigo a trav\u00e9s de este formulario no constituye representaci\u00f3n legal ni crea una relaci\u00f3n abogado-cliente.<\/span><\/label><\/span><\/span><\/span>\n<\/div>\n\n<div class=\"form-row consent-row\">\n  <label><span class=\"wpcf7-form-control-wrap\" data-name=\"conditions\"><span class=\"wpcf7-form-control wpcf7-acceptance\"><span class=\"wpcf7-list-item\"><input type=\"checkbox\" name=\"conditions\" value=\"1\" aria-invalid=\"false\" \/><\/span><\/span><\/span> He le\u00eddo y acepto las <a href=\"\/es\/politica-de-privacidad\/\" target=\"_blank\">Pol\u00edticas de Privacidad<\/a>, \n  y <a href=\"\/es\/condiciones-de-uso\/\" target=\"_blank\">Condiciones de Uso<\/a>.<\/label>\n<\/div>\n\n<div class=\"wpcf7-turnstile cf-turnstile\" data-sitekey=\"0x4AAAAAACCGEsWJuOJVmetb\" data-response-field-name=\"_wpcf7_turnstile_response\"><\/div>\n<input class=\"wpcf7-form-control wpcf7-submit has-spinner\" type=\"submit\" value=\"enviar mensaje\" \/><p style=\"display: none !important;\" class=\"akismet-fields-container\" data-prefix=\"_wpcf7_ak_\"><label>&#916;<textarea name=\"_wpcf7_ak_hp_textarea\" cols=\"45\" rows=\"8\" maxlength=\"100\"><\/textarea><\/label><input type=\"hidden\" id=\"ak_js_1\" name=\"_wpcf7_ak_js\" value=\"175\"\/><script>\ndocument.getElementById( \"ak_js_1\" ).setAttribute( \"value\", ( new Date() ).getTime() );\n<\/script>\n<\/p><div class=\"wpcf7-response-output\" aria-hidden=\"true\"><\/div>\n<\/form>\n<\/div>\n<\/div>\n<\/div>\n<\/div>\n<\/div>\n<\/section>\n\n\n\n<section class=\"wp-block-group is-layout-flow wp-block-group-is-layout-flow\">\n<iframe src=\"https:\/\/www.google.com\/maps\/embed?pb=!1m18!1m12!1m3!1d16430.41740738804!2d-117.16569456052756!3d32.746116857276874!2m3!1f0!2f0!3f0!3m2!1i1024!2i768!4f13.1!3m3!1m2!1s0x80d954c5befea6a5%3A0x80b7f10ad2154c37!2sARCH%20Legal%2C%20PC!5e0!3m2!1sen!2sdz!4v1762947744697!5m2!1sen!2sdz\" width=\"100%\" height=\"254\" style=\"border:0;\" allowfullscreen=\"\" loading=\"lazy\" referrerpolicy=\"no-referrer-when-downgrade\" title=\"Mapa de Arch Legal\"><\/iframe>\n<\/section>\n","protected":false},"excerpt":{"rendered":"<p>Cualquier informaci\u00f3n que nos proporcione en este sitio permanecer\u00e1 con nosotros. Tomaremos medidas razonables para garantizar que su direcci\u00f3n de correo electr\u00f3nico no reciba spam. A veces, colocamos cookies en su ordenador para recopilar datos con el fin de mejorar la calidad de este sitio. Estas cookies no almacenan informaci\u00f3n personal sobre usted y no [&hellip;]<\/p>\n","protected":false},"author":2,"featured_media":0,"parent":0,"menu_order":0,"comment_status":"closed","ping_status":"open","template":"","meta":{"footnotes":""},"class_list":["post-4115","page","type-page","status-publish","hentry"],"_links":{"self":[{"href":"https:\/\/www.archlegal.com\/es\/wp-json\/wp\/v2\/pages\/4115","targetHints":{"allow":["GET"]}}],"collection":[{"href":"https:\/\/www.archlegal.com\/es\/wp-json\/wp\/v2\/pages"}],"about":[{"href":"https:\/\/www.archlegal.com\/es\/wp-json\/wp\/v2\/types\/page"}],"author":[{"embeddable":true,"href":"https:\/\/www.archlegal.com\/es\/wp-json\/wp\/v2\/users\/2"}],"replies":[{"embeddable":true,"href":"https:\/\/www.archlegal.com\/es\/wp-json\/wp\/v2\/comments?post=4115"}],"version-history":[{"count":2,"href":"https:\/\/www.archlegal.com\/es\/wp-json\/wp\/v2\/pages\/4115\/revisions"}],"predecessor-version":[{"id":6549,"href":"https:\/\/www.archlegal.com\/es\/wp-json\/wp\/v2\/pages\/4115\/revisions\/6549"}],"wp:attachment":[{"href":"https:\/\/www.archlegal.com\/es\/wp-json\/wp\/v2\/media?parent=4115"}],"curies":[{"name":"wp","href":"https:\/\/api.w.org\/{rel}","templated":true}]}}