{"id":4053,"date":"2025-11-13T15:02:40","date_gmt":"2025-11-13T23:02:40","guid":{"rendered":"https:\/\/www.archlegal.com\/contactenos\/"},"modified":"2025-12-10T16:18:00","modified_gmt":"2025-12-11T00:18:00","slug":"contacto","status":"publish","type":"page","link":"https:\/\/www.archlegal.com\/es\/contacto\/","title":{"rendered":"Cont\u00e1ctenos"},"content":{"rendered":"\n<section class=\"wp-block-group contact-us is-layout-flow wp-block-group-is-layout-flow\">\n<div class=\"wp-block-group container is-layout-constrained wp-block-group-is-layout-constrained\">\n<div class=\"wp-block-group contact-us__row is-layout-flow wp-block-group-is-layout-flow\">\n<div class=\"wp-block-group contact-us__column is-layout-flow wp-block-group-is-layout-flow\">\n<h2 class=\"wp-block-heading\">\u00bfHa sufrido acoso o discriminaci\u00f3n en el lugar de trabajo?<\/h2>\n\n\n\n<h4 class=\"wp-block-heading\">Encuentre al abogado adecuado para su caso<\/h4>\n\n\n\n<p>Queremos saber qu\u00e9 da\u00f1os ha sufrido, independientemente de para qui\u00e9n trabaje. Perm\u00edtanos evaluar su caso.  Le tomaremos en serio y le daremos recomendaciones perspicaces sobre los pr\u00f3ximos pasos hacia un resultado justo.<\/p>\n\n\n\n<p>Si bien este sitio web proporciona informaci\u00f3n general, no constituye asesoramiento legal. <\/p>\n\n\n\n<div class=\"wp-block-group contact-us__contact-details is-layout-flow wp-block-group-is-layout-flow\">\n<figure class=\"wp-block-image size-full\"><img decoding=\"async\" src=\"https:\/\/www.archlegal.com\/wp-content\/uploads\/2025\/11\/icon-phone-4.svg\" alt=\"\" class=\"wp-image-2143\"\/><\/figure>\n\n\n\n<p><a href=\"tel:+18663311338\">(866) 331-1338<\/a><\/p>\n<\/div>\n<\/div>\n\n\n\n<div class=\"wp-block-group contact-us__column is-layout-constrained wp-block-group-is-layout-constrained\">\n<div class=\"wp-block-contact-form-7-contact-form-selector\">\n<div class=\"wpcf7 no-js\" id=\"wpcf7-f4098-o1\" lang=\"es-ES\" dir=\"ltr\" data-wpcf7-id=\"4098\">\n<div class=\"screen-reader-response\"><p role=\"status\" aria-live=\"polite\" aria-atomic=\"true\"><\/p> <ul><\/ul><\/div>\n<form action=\"\/es\/wp-json\/wp\/v2\/pages\/4053#wpcf7-f4098-o1\" method=\"post\" class=\"wpcf7-form init\" aria-label=\"Formulario de contacto\" novalidate=\"novalidate\" data-status=\"init\">\n<fieldset class=\"hidden-fields-container\"><input type=\"hidden\" name=\"_wpcf7\" value=\"4098\" \/><input type=\"hidden\" name=\"_wpcf7_version\" value=\"6.1.5\" \/><input type=\"hidden\" name=\"_wpcf7_locale\" value=\"es_ES\" \/><input type=\"hidden\" name=\"_wpcf7_unit_tag\" value=\"wpcf7-f4098-o1\" \/><input type=\"hidden\" name=\"_wpcf7_container_post\" value=\"0\" \/><input type=\"hidden\" name=\"_wpcf7_posted_data_hash\" value=\"\" \/>\n<\/fieldset>\n<div class=\"form-row\">\n   <label> Nombre <span class=\"wpcf7-form-control-wrap\" data-name=\"your-first-name\"><input size=\"40\" maxlength=\"400\" class=\"wpcf7-form-control wpcf7-text wpcf7-validates-as-required\" aria-required=\"true\" aria-invalid=\"false\" placeholder=\"Introduzca su nombre\" value=\"\" type=\"text\" name=\"your-first-name\" \/><\/span><\/label><label> Apellido <span class=\"wpcf7-form-control-wrap\" data-name=\"your-last-name\"><input size=\"40\" maxlength=\"400\" class=\"wpcf7-form-control wpcf7-text wpcf7-validates-as-required\" aria-required=\"true\" aria-invalid=\"false\" placeholder=\"Introduzca su apellido\" value=\"\" type=\"text\" name=\"your-last-name\" \/><\/span><\/label>\n<\/div>\n<div class=\"form-row\">\n   <label> N\u00famero de tel\u00e9fono <span class=\"wpcf7-form-control-wrap\" data-name=\"your-tel\"><input size=\"40\" maxlength=\"400\" class=\"wpcf7-form-control wpcf7-tel wpcf7-validates-as-required wpcf7-text wpcf7-validates-as-tel\" aria-required=\"true\" aria-invalid=\"false\" placeholder=\"Introduzca su n\u00famero de tel\u00e9fono\" value=\"\" type=\"tel\" name=\"your-tel\" \/><\/span> <\/label><label> Correo electr\u00f3nico <span class=\"wpcf7-form-control-wrap\" data-name=\"your-email\"><input size=\"40\" maxlength=\"400\" class=\"wpcf7-form-control wpcf7-email wpcf7-validates-as-required wpcf7-text wpcf7-validates-as-email\" aria-required=\"true\" aria-invalid=\"false\" placeholder=\"Introduzca su direcci\u00f3n de correo electr\u00f3nico\" value=\"\" type=\"email\" name=\"your-email\" \/><\/span> <\/label> \n<\/div>\n\n<div class=\"form-row\">\n  <label> Ciudad <span class=\"wpcf7-form-control-wrap\" data-name=\"your-city\"><input size=\"40\" maxlength=\"400\" class=\"wpcf7-form-control wpcf7-text\" aria-invalid=\"false\" placeholder=\"Introduzca su ciudad\" value=\"\" type=\"text\" name=\"your-city\" \/><\/span> <\/label>\n  <label> Estado <span class=\"wpcf7-form-control-wrap\" data-name=\"your-state\"><input size=\"40\" maxlength=\"400\" class=\"wpcf7-form-control wpcf7-text\" aria-invalid=\"false\" placeholder=\"Introduzca su estado\" value=\"\" type=\"text\" name=\"your-state\" \/><\/span> <\/label>\n<\/div>\n\n<div class=\"form-row\">\n <label>  Necesito ayuda con: <span class=\"wpcf7-form-control-wrap\" data-name=\"your-message\"><textarea cols=\"40\" rows=\"10\" maxlength=\"2000\" class=\"wpcf7-form-control wpcf7-textarea\" aria-invalid=\"false\" placeholder=\"\u00bfC\u00f3mo podemos ayudarle?\" name=\"your-message\"><\/textarea><\/span> <\/label>\n<\/div>\n\n<div class=\"form-row\">\n    <span class=\"wpcf7-form-control-wrap\" data-name=\"consent\"><span class=\"wpcf7-form-control wpcf7-checkbox\"><span class=\"wpcf7-list-item first last\"><label><input type=\"checkbox\" name=\"consent[]\" value=\"Acepto que contactar conmigo a trav\u00e9s de este formulario no constituye representaci\u00f3n legal ni crea una relaci\u00f3n abogado-cliente.\" \/><span class=\"wpcf7-list-item-label\">Acepto que contactar conmigo a trav\u00e9s de este formulario no constituye representaci\u00f3n legal ni crea una relaci\u00f3n abogado-cliente.<\/span><\/label><\/span><\/span><\/span>\n<\/div>\n\n<div class=\"form-row consent-row\">\n  <label><span class=\"wpcf7-form-control-wrap\" data-name=\"conditions\"><span class=\"wpcf7-form-control wpcf7-acceptance\"><span class=\"wpcf7-list-item\"><input type=\"checkbox\" name=\"conditions\" value=\"1\" aria-invalid=\"false\" \/><\/span><\/span><\/span> He le\u00eddo y acepto las <a href=\"\/es\/politica-de-privacidad\/\" target=\"_blank\">Pol\u00edticas de Privacidad<\/a>, \n  y <a href=\"\/es\/condiciones-de-uso\/\" target=\"_blank\">Condiciones de Uso<\/a>.<\/label>\n<\/div>\n\n<div class=\"wpcf7-turnstile cf-turnstile\" data-sitekey=\"0x4AAAAAACCGEsWJuOJVmetb\" data-response-field-name=\"_wpcf7_turnstile_response\"><\/div>\n<input class=\"wpcf7-form-control wpcf7-submit has-spinner\" type=\"submit\" value=\"enviar mensaje\" \/><p style=\"display: none !important;\" class=\"akismet-fields-container\" data-prefix=\"_wpcf7_ak_\"><label>&#916;<textarea name=\"_wpcf7_ak_hp_textarea\" cols=\"45\" rows=\"8\" maxlength=\"100\"><\/textarea><\/label><input type=\"hidden\" id=\"ak_js_1\" name=\"_wpcf7_ak_js\" value=\"211\"\/><script>\ndocument.getElementById( \"ak_js_1\" ).setAttribute( \"value\", ( new Date() ).getTime() );\n<\/script>\n<\/p><div class=\"wpcf7-response-output\" aria-hidden=\"true\"><\/div>\n<\/form>\n<\/div>\n<\/div>\n<\/div>\n<\/div>\n<\/div>\n<\/section>\n\n<section class=\"wp-block-group office is-layout-constrained wp-block-group-is-layout-constrained\">\n<div class=\"wp-block-group container is-layout-flow wp-block-group-is-layout-flow\">\n<div class=\"wp-block-cover\"><img decoding=\"async\" width=\"1024\" height=\"683\" class=\"wp-block-cover__image-background wp-image-2570 size-large\" alt=\"\" src=\"https:\/\/www.archlegal.com\/wp-content\/uploads\/2025\/11\/74ab64aa3292c9dc8ca08e12a12e46446d58dfb4-4-1024x683.jpg\" data-object-fit=\"cover\" srcset=\"https:\/\/www.archlegal.com\/wp-content\/uploads\/2025\/11\/74ab64aa3292c9dc8ca08e12a12e46446d58dfb4-4-1024x683.jpg 1024w, https:\/\/www.archlegal.com\/wp-content\/uploads\/2025\/11\/74ab64aa3292c9dc8ca08e12a12e46446d58dfb4-4-300x200.jpg 300w, https:\/\/www.archlegal.com\/wp-content\/uploads\/2025\/11\/74ab64aa3292c9dc8ca08e12a12e46446d58dfb4-4-768x512.jpg 768w, https:\/\/www.archlegal.com\/wp-content\/uploads\/2025\/11\/74ab64aa3292c9dc8ca08e12a12e46446d58dfb4-4.jpg 1254w\" sizes=\"(max-width: 1024px) 100vw, 1024px\" \/><span aria-hidden=\"true\" class=\"wp-block-cover__background has-background-dim-90 has-background-dim wp-block-cover__gradient-background has-background-gradient has-hero-gradient-2-gradient-background\"><\/span><div class=\"wp-block-cover__inner-container is-layout-flow wp-block-cover-is-layout-flow\">\n<div class=\"wp-block-group office__row is-layout-flow wp-block-group-is-layout-flow\">\n<div class=\"wp-block-group is-layout-flow wp-block-group-is-layout-flow\">\n<h3 class=\"wp-block-heading office__title\">ARCH Legal PC<\/h3>\n\n\n\n<p class=\"office__subtitle\">Oficina principal<\/p>\n\n\n\n<p class=\"office__address\">3555 Fifth Avenue Suite 200, \nSan Diego, CA 92103<\/p>\n\n\n\n<ul class=\"wp-block-list\">\n<li>Century City<\/li>\n\n\n\n<li>Los \u00c1ngeles<\/li>\n\n\n\n<li>Costa Mesa<\/li>\n\n\n\n<li>Oakland<\/li>\n\n\n\n<li>Fresno<\/li>\n\n\n\n<li>Ontario<\/li>\n\n\n\n<li>Sacramento<\/li>\n\n\n\n<li>San Bernardino<\/li>\n\n\n\n<li>San Diego<\/li>\n\n\n\n<li>San Francisco<\/li>\n\n\n\n<li>San Jos\u00e9<\/li>\n\n\n\n<li>Santa B\u00e1rbara<\/li>\n\n\n\n<li>Van Nuys<\/li>\n\n\n\n<li>Ventura<\/li>\n\n\n\n<li>Visalia<\/li>\n<\/ul>\n<\/div>\n\n\n\n<div class=\"wp-block-group is-layout-constrained wp-block-group-is-layout-constrained\">\n<iframe src=\"https:\/\/www.google.com\/maps\/embed?pb=!1m18!1m12!1m3!1d3355.8749902287045!2d-117.1626649243388!3d32.74250997367814!2m3!1f0!2f0!3f0!3m2!1i1024!2i768!4f13.1!3m3!1m2!1s0x80d954c5befea6a5%3A0x80b7f10ad2154c37!2sARCH%20Legal%2C%20PC!5e0!3m2!1sen!2sdz!4v1763046404148!5m2!1sen!2sdz\" width=\"600\" height=\"450\" style=\"border:0;\" allowfullscreen=\"\" loading=\"lazy\" referrerpolicy=\"no-referrer-when-downgrade\"><\/iframe>\n<\/div>\n<\/div>\n<\/div><\/div>\n<\/div>\n<\/section>\n","protected":false},"excerpt":{"rendered":"<p>\u00bfHa sufrido acoso o discriminaci\u00f3n en el lugar de trabajo? Encuentre al abogado adecuado para su caso Queremos saber qu\u00e9 da\u00f1os ha sufrido, independientemente de para qui\u00e9n trabaje. Perm\u00edtanos evaluar su caso. Le tomaremos en serio y le daremos recomendaciones perspicaces sobre los pr\u00f3ximos pasos hacia un resultado justo. Si bien este sitio web proporciona [&hellip;]<\/p>\n","protected":false},"author":2,"featured_media":0,"parent":0,"menu_order":0,"comment_status":"closed","ping_status":"closed","template":"","meta":{"footnotes":""},"class_list":["post-4053","page","type-page","status-publish","hentry"],"_links":{"self":[{"href":"https:\/\/www.archlegal.com\/es\/wp-json\/wp\/v2\/pages\/4053","targetHints":{"allow":["GET"]}}],"collection":[{"href":"https:\/\/www.archlegal.com\/es\/wp-json\/wp\/v2\/pages"}],"about":[{"href":"https:\/\/www.archlegal.com\/es\/wp-json\/wp\/v2\/types\/page"}],"author":[{"embeddable":true,"href":"https:\/\/www.archlegal.com\/es\/wp-json\/wp\/v2\/users\/2"}],"replies":[{"embeddable":true,"href":"https:\/\/www.archlegal.com\/es\/wp-json\/wp\/v2\/comments?post=4053"}],"version-history":[{"count":6,"href":"https:\/\/www.archlegal.com\/es\/wp-json\/wp\/v2\/pages\/4053\/revisions"}],"predecessor-version":[{"id":5140,"href":"https:\/\/www.archlegal.com\/es\/wp-json\/wp\/v2\/pages\/4053\/revisions\/5140"}],"wp:attachment":[{"href":"https:\/\/www.archlegal.com\/es\/wp-json\/wp\/v2\/media?parent=4053"}],"curies":[{"name":"wp","href":"https:\/\/api.w.org\/{rel}","templated":true}]}}