{"id":4038,"date":"2025-11-20T10:54:05","date_gmt":"2025-11-20T10:54:05","guid":{"rendered":"https:\/\/www.archlegal.com\/declaracion-de-accesibilidad\/"},"modified":"2025-12-09T17:38:04","modified_gmt":"2025-12-09T17:38:04","slug":"declaracion-de-accesibilidad","status":"publish","type":"page","link":"https:\/\/www.archlegal.com\/es\/declaracion-de-accesibilidad\/","title":{"rendered":"declaraci\u00f3n de accesibilidad"},"content":{"rendered":"\n<section class=\"wp-block-group single-column-text block is-layout-flow wp-block-group-is-layout-flow\">\n<div class=\"wp-block-group container is-layout-flow wp-block-group-is-layout-flow\">\n<div class=\"wp-block-group single-column-text__row is-layout-flow wp-block-group-is-layout-flow\">\n<div class=\"wp-block-group column is-layout-flow wp-block-group-is-layout-flow\">\n<p>En <strong>ARCH Legal<\/strong>, nos comprometemos a que nuestro sitio web y nuestros servicios sean accesibles para todas las personas. Trabajamos continuamente con nuestro equipo y con terceros de confianza para mejorar la accesibilidad y garantizar una experiencia inclusiva para todos los visitantes. <\/p>\n\n\n\n<p>Somos conscientes de que las necesidades de accesibilidad evolucionan y nos esforzamos por realizar esfuerzos razonables para dar cabida al mayor n\u00famero de usuarios posible. Si bien nuestro sitio web depende de herramientas, software y plugins de terceros, las actualizaciones de estos servicios pueden causar ocasionalmente interrupciones temporales. Si surge un problema de accesibilidad, trabajaremos para resolverlo lo antes posible.  <\/p>\n\n\n\n<p>Si tiene dificultades para utilizar nuestro sitio o necesita adaptaciones debido a una discapacidad, estamos aqu\u00ed para ayudarle.<\/p>\n\n\n\n<p><strong>Ll\u00e1menos: <\/strong><a href=\"tel:+18663311338\">(866) 331-1338<\/a><br\/><strong>Utilice el formulario de contacto que aparece a continuaci\u00f3n<\/strong> para ponerse en contacto con nosotros.<\/p>\n\n\n\n<p>Agradecemos sus comentarios y nos dedicamos a mejorar la accesibilidad para todos.<\/p>\n<\/div>\n<\/div>\n<\/div>\n<\/section>\n\n<section id=\"contact-us\" class=\"wp-block-group contact-us has-light-background-background-color has-background is-layout-flow wp-block-group-is-layout-flow\">\n<div class=\"wp-block-group container is-layout-constrained wp-block-group-is-layout-constrained\">\n<div class=\"wp-block-group contact-us__row is-layout-flow wp-block-group-is-layout-flow\">\n<div class=\"wp-block-group contact-us__column is-layout-flow wp-block-group-is-layout-flow\">\n<h2 class=\"wp-block-heading\">\u00bfHa sufrido acoso o discriminaci\u00f3n en el lugar de trabajo?<\/h2>\n\n\n\n<h4 class=\"wp-block-heading\">Encuentre al abogado adecuado para su caso<\/h4>\n\n\n\n<p>P\u00f3ngase en contacto con ARCH Legal hoy mismo para hablar con un abogado experto en derecho laboral dedicado a proteger sus derechos en el lugar de trabajo. Tanto si se enfrenta a discriminaci\u00f3n, represalias o infracciones salariales, nuestro equipo est\u00e1 preparado para ayudarle. Llame, env\u00ede un correo electr\u00f3nico o programe una consulta gratuita para hablar sobre su caso y explorar sus opciones legales.<\/p>\n\n\n\n<div class=\"wp-block-group contact-us__contact-details is-layout-flow wp-block-group-is-layout-flow\">\n<figure class=\"wp-block-image size-full\"><img decoding=\"async\" src=\"https:\/\/www.archlegal.com\/wp-content\/uploads\/2025\/11\/icon-phone-4.svg\" alt=\"\" class=\"wp-image-2143\"\/><\/figure>\n\n\n\n<p><a href=\"tel:+18663311338\">(866) 331-1338<\/a><\/p>\n<\/div>\n\n\n\n<div class=\"wp-block-group contact-us__contact-details is-layout-flow wp-block-group-is-layout-flow\">\n<figure class=\"wp-block-image size-full\"><img decoding=\"async\" src=\"https:\/\/www.archlegal.com\/wp-content\/uploads\/2025\/11\/location-1.svg\" alt=\"\" class=\"wp-image-2142\"\/><\/figure>\n\n\n\n<p><a href=\"https:\/\/maps.app.goo.gl\/xXjb1axDADuXxYLC8\" data-type=\"link\" data-id=\"https:\/\/maps.app.goo.gl\/xXjb1axDADuXxYLC8\">3555 Fifth Avenue Suite 200,<br\/>\u2028San Diego, CA 92103<\/a><\/p>\n<\/div>\n<\/div>\n\n\n\n<div class=\"wp-block-group contact-us__column is-layout-constrained wp-block-group-is-layout-constrained\">\n<div class=\"wp-block-contact-form-7-contact-form-selector\">\n<div class=\"wpcf7 no-js\" id=\"wpcf7-f4098-o1\" lang=\"es-ES\" dir=\"ltr\" data-wpcf7-id=\"4098\">\n<div class=\"screen-reader-response\"><p role=\"status\" aria-live=\"polite\" aria-atomic=\"true\"><\/p> <ul><\/ul><\/div>\n<form action=\"\/es\/wp-json\/wp\/v2\/pages\/4038#wpcf7-f4098-o1\" method=\"post\" class=\"wpcf7-form init\" aria-label=\"Formulario de contacto\" novalidate=\"novalidate\" data-status=\"init\">\n<fieldset class=\"hidden-fields-container\"><input type=\"hidden\" name=\"_wpcf7\" value=\"4098\" \/><input type=\"hidden\" name=\"_wpcf7_version\" value=\"6.1.5\" \/><input type=\"hidden\" name=\"_wpcf7_locale\" value=\"es_ES\" \/><input type=\"hidden\" name=\"_wpcf7_unit_tag\" value=\"wpcf7-f4098-o1\" \/><input type=\"hidden\" name=\"_wpcf7_container_post\" value=\"0\" \/><input type=\"hidden\" name=\"_wpcf7_posted_data_hash\" value=\"\" \/>\n<\/fieldset>\n<div class=\"form-row\">\n   <label> Nombre <span class=\"wpcf7-form-control-wrap\" data-name=\"your-first-name\"><input size=\"40\" maxlength=\"400\" class=\"wpcf7-form-control wpcf7-text wpcf7-validates-as-required\" aria-required=\"true\" aria-invalid=\"false\" placeholder=\"Introduzca su nombre\" value=\"\" type=\"text\" name=\"your-first-name\" \/><\/span><\/label><label> Apellido <span class=\"wpcf7-form-control-wrap\" data-name=\"your-last-name\"><input size=\"40\" maxlength=\"400\" class=\"wpcf7-form-control wpcf7-text wpcf7-validates-as-required\" aria-required=\"true\" aria-invalid=\"false\" placeholder=\"Introduzca su apellido\" value=\"\" type=\"text\" name=\"your-last-name\" \/><\/span><\/label>\n<\/div>\n<div class=\"form-row\">\n   <label> N\u00famero de tel\u00e9fono <span class=\"wpcf7-form-control-wrap\" data-name=\"your-tel\"><input size=\"40\" maxlength=\"400\" class=\"wpcf7-form-control wpcf7-tel wpcf7-validates-as-required wpcf7-text wpcf7-validates-as-tel\" aria-required=\"true\" aria-invalid=\"false\" placeholder=\"Introduzca su n\u00famero de tel\u00e9fono\" value=\"\" type=\"tel\" name=\"your-tel\" \/><\/span> <\/label><label> Correo electr\u00f3nico <span class=\"wpcf7-form-control-wrap\" data-name=\"your-email\"><input size=\"40\" maxlength=\"400\" class=\"wpcf7-form-control wpcf7-email wpcf7-validates-as-required wpcf7-text wpcf7-validates-as-email\" aria-required=\"true\" aria-invalid=\"false\" placeholder=\"Introduzca su direcci\u00f3n de correo electr\u00f3nico\" value=\"\" type=\"email\" name=\"your-email\" \/><\/span> <\/label> \n<\/div>\n\n<div class=\"form-row\">\n  <label> Ciudad <span class=\"wpcf7-form-control-wrap\" data-name=\"your-city\"><input size=\"40\" maxlength=\"400\" class=\"wpcf7-form-control wpcf7-text\" aria-invalid=\"false\" placeholder=\"Introduzca su ciudad\" value=\"\" type=\"text\" name=\"your-city\" \/><\/span> <\/label>\n  <label> Estado <span class=\"wpcf7-form-control-wrap\" data-name=\"your-state\"><input size=\"40\" maxlength=\"400\" class=\"wpcf7-form-control wpcf7-text\" aria-invalid=\"false\" placeholder=\"Introduzca su estado\" value=\"\" type=\"text\" name=\"your-state\" \/><\/span> <\/label>\n<\/div>\n\n<div class=\"form-row\">\n <label>  Necesito ayuda con: <span class=\"wpcf7-form-control-wrap\" data-name=\"your-message\"><textarea cols=\"40\" rows=\"10\" maxlength=\"2000\" class=\"wpcf7-form-control wpcf7-textarea\" aria-invalid=\"false\" placeholder=\"\u00bfC\u00f3mo podemos ayudarle?\" name=\"your-message\"><\/textarea><\/span> <\/label>\n<\/div>\n\n<div class=\"form-row\">\n    <span class=\"wpcf7-form-control-wrap\" data-name=\"consent\"><span class=\"wpcf7-form-control wpcf7-checkbox\"><span class=\"wpcf7-list-item first last\"><label><input type=\"checkbox\" name=\"consent[]\" value=\"Acepto que contactar conmigo a trav\u00e9s de este formulario no constituye representaci\u00f3n legal ni crea una relaci\u00f3n abogado-cliente.\" \/><span class=\"wpcf7-list-item-label\">Acepto que contactar conmigo a trav\u00e9s de este formulario no constituye representaci\u00f3n legal ni crea una relaci\u00f3n abogado-cliente.<\/span><\/label><\/span><\/span><\/span>\n<\/div>\n\n<div class=\"form-row consent-row\">\n  <label><span class=\"wpcf7-form-control-wrap\" data-name=\"conditions\"><span class=\"wpcf7-form-control wpcf7-acceptance\"><span class=\"wpcf7-list-item\"><input type=\"checkbox\" name=\"conditions\" value=\"1\" aria-invalid=\"false\" \/><\/span><\/span><\/span> He le\u00eddo y acepto las <a href=\"\/es\/politica-de-privacidad\/\" target=\"_blank\">Pol\u00edticas de Privacidad<\/a>, \n  y <a href=\"\/es\/condiciones-de-uso\/\" target=\"_blank\">Condiciones de Uso<\/a>.<\/label>\n<\/div>\n\n<div class=\"wpcf7-turnstile cf-turnstile\" data-sitekey=\"0x4AAAAAACCGEsWJuOJVmetb\" data-response-field-name=\"_wpcf7_turnstile_response\"><\/div>\n<input class=\"wpcf7-form-control wpcf7-submit has-spinner\" type=\"submit\" value=\"enviar mensaje\" \/><p style=\"display: none !important;\" class=\"akismet-fields-container\" data-prefix=\"_wpcf7_ak_\"><label>&#916;<textarea name=\"_wpcf7_ak_hp_textarea\" cols=\"45\" rows=\"8\" maxlength=\"100\"><\/textarea><\/label><input type=\"hidden\" id=\"ak_js_1\" name=\"_wpcf7_ak_js\" value=\"220\"\/><script>\ndocument.getElementById( \"ak_js_1\" ).setAttribute( \"value\", ( new Date() ).getTime() );\n<\/script>\n<\/p><div class=\"wpcf7-response-output\" aria-hidden=\"true\"><\/div>\n<\/form>\n<\/div>\n<\/div>\n<\/div>\n<\/div>\n<\/div>\n<\/section>\n","protected":false},"excerpt":{"rendered":"<p>En ARCH Legal, nos comprometemos a que nuestro sitio web y nuestros servicios sean accesibles para todas las personas. Trabajamos continuamente con nuestro equipo y con terceros de confianza para mejorar la accesibilidad y garantizar una experiencia inclusiva para todos los visitantes. Somos conscientes de que las necesidades de accesibilidad evolucionan y nos esforzamos por [&hellip;]<\/p>\n","protected":false},"author":2,"featured_media":0,"parent":0,"menu_order":0,"comment_status":"closed","ping_status":"closed","template":"","meta":{"footnotes":""},"class_list":["post-4038","page","type-page","status-publish","hentry"],"_links":{"self":[{"href":"https:\/\/www.archlegal.com\/es\/wp-json\/wp\/v2\/pages\/4038","targetHints":{"allow":["GET"]}}],"collection":[{"href":"https:\/\/www.archlegal.com\/es\/wp-json\/wp\/v2\/pages"}],"about":[{"href":"https:\/\/www.archlegal.com\/es\/wp-json\/wp\/v2\/types\/page"}],"author":[{"embeddable":true,"href":"https:\/\/www.archlegal.com\/es\/wp-json\/wp\/v2\/users\/2"}],"replies":[{"embeddable":true,"href":"https:\/\/www.archlegal.com\/es\/wp-json\/wp\/v2\/comments?post=4038"}],"version-history":[{"count":1,"href":"https:\/\/www.archlegal.com\/es\/wp-json\/wp\/v2\/pages\/4038\/revisions"}],"predecessor-version":[{"id":4039,"href":"https:\/\/www.archlegal.com\/es\/wp-json\/wp\/v2\/pages\/4038\/revisions\/4039"}],"wp:attachment":[{"href":"https:\/\/www.archlegal.com\/es\/wp-json\/wp\/v2\/media?parent=4038"}],"curies":[{"name":"wp","href":"https:\/\/api.w.org\/{rel}","templated":true}]}}